{"id":509,"date":"2024-02-21T16:45:19","date_gmt":"2024-02-21T16:45:19","guid":{"rendered":"https:\/\/ostseeperle.pl\/?page_id=509"},"modified":"2025-03-26T14:45:17","modified_gmt":"2025-03-26T14:45:17","slug":"buchung","status":"publish","type":"page","link":"https:\/\/ostseeperle.pl\/pl\/buchung\/","title":{"rendered":"Rezerwacja"},"content":{"rendered":"<div data-elementor-type=\"wp-page\" data-elementor-id=\"509\" class=\"elementor elementor-509\">\n\t\t\t\t<div class=\"elementor-element elementor-element-048bf67 e-con-full e-flex e-con e-parent\" data-id=\"048bf67\" data-element_type=\"container\" data-e-type=\"container\">\n\t\t<div class=\"elementor-element elementor-element-fe69d4e e-con-full e-flex e-con e-child\" data-id=\"fe69d4e\" data-element_type=\"container\" data-e-type=\"container\">\n\t\t\t\t<div class=\"elementor-element elementor-element-96cfd12 elementor-widget__width-initial elementor-widget-mobile__width-initial elementor-widget elementor-widget-heading\" data-id=\"96cfd12\" data-element_type=\"widget\" data-e-type=\"widget\" data-widget_type=\"heading.default\">\n\t\t\t\t<div class=\"elementor-widget-container\">\n\t\t\t\t\t<h2 class=\"elementor-heading-title elementor-size-default\">Rezerwacja<\/h2>\t\t\t\t<\/div>\n\t\t\t\t<\/div>\n\t\t\t\t<\/div>\n\t\t\t\t<\/div>\n\t\t<div class=\"elementor-element elementor-element-7419968 e-flex e-con-boxed e-con e-parent\" data-id=\"7419968\" data-element_type=\"container\" data-e-type=\"container\">\n\t\t\t\t\t<div class=\"e-con-inner\">\n\t\t\t\t<div class=\"elementor-element elementor-element-8a986c1 elementor-widget elementor-widget-text-editor\" data-id=\"8a986c1\" data-element_type=\"widget\" data-e-type=\"widget\" data-widget_type=\"text-editor.default\">\n\t\t\t\t<div class=\"elementor-widget-container\">\n\t\t\t\t\t\t\t\t\t<p>Ostseeperle mo\u017cna zarezerwowa\u0107 przez Airbnb, booking i FeWo-direkt. Kalendarz i dost\u0119pno\u015b\u0107 s\u0105 r\u00f3wnie\u017c dost\u0119pne tutaj.<\/p><p>Go\u015bciom, kt\u00f3rzy dokonali ju\u017c u nas rezerwacji, oferujemy mo\u017cliwo\u015b\u0107 wys\u0142ania zapytania o rezerwacj\u0119 na adres: kontakt(at)ostseeperle.pl<\/p>\t\t\t\t\t\t\t\t<\/div>\n\t\t\t\t<\/div>\n\t\t\t\t\t<\/div>\n\t\t\t\t<\/div>\n\t\t<div class=\"elementor-element elementor-element-face0b7 e-flex e-con-boxed e-con e-parent\" data-id=\"face0b7\" data-element_type=\"container\" data-e-type=\"container\">\n\t\t\t\t\t<div class=\"e-con-inner\">\n\t\t<div class=\"elementor-element elementor-element-298ab8e e-con-full e-flex e-con e-child\" data-id=\"298ab8e\" data-element_type=\"container\" data-e-type=\"container\">\n\t\t\t\t<div class=\"elementor-element elementor-element-a0f0849 elementor-widget elementor-widget-heading\" data-id=\"a0f0849\" data-element_type=\"widget\" data-e-type=\"widget\" data-widget_type=\"heading.default\">\n\t\t\t\t<div class=\"elementor-widget-container\">\n\t\t\t\t\t<h2 class=\"elementor-heading-title elementor-size-default\">Airbnb<\/h2>\t\t\t\t<\/div>\n\t\t\t\t<\/div>\n\t\t\t\t<div class=\"elementor-element elementor-element-70c2154 elementor-widget elementor-widget-image\" data-id=\"70c2154\" data-element_type=\"widget\" data-e-type=\"widget\" data-widget_type=\"image.default\">\n\t\t\t\t<div class=\"elementor-widget-container\">\n\t\t\t\t\t\t\t\t\t\t\t\t\t\t\t\t<a href=\"https:\/\/www.airbnb.de\/rooms\/1054202607619517277?guests=1&#038;adults=1&#038;s=67&#038;unique_share_id=87c316b9-574b-4b12-82e8-2ff9517a2cfb\">\n\t\t\t\t\t\t\t<img fetchpriority=\"high\" decoding=\"async\" width=\"1024\" height=\"757\" src=\"https:\/\/ostseeperle.pl\/wp-content\/uploads\/2025\/03\/Bild-18.03.25-um-20.30-1024x757.jpg\" class=\"elementor-animation-grow attachment-large size-large wp-image-1387\" alt=\"\" srcset=\"https:\/\/ostseeperle.pl\/wp-content\/uploads\/2025\/03\/Bild-18.03.25-um-20.30-1024x757.jpg 1024w, https:\/\/ostseeperle.pl\/wp-content\/uploads\/2025\/03\/Bild-18.03.25-um-20.30-300x222.jpg 300w, https:\/\/ostseeperle.pl\/wp-content\/uploads\/2025\/03\/Bild-18.03.25-um-20.30-768x567.jpg 768w, https:\/\/ostseeperle.pl\/wp-content\/uploads\/2025\/03\/Bild-18.03.25-um-20.30-1536x1135.jpg 1536w, https:\/\/ostseeperle.pl\/wp-content\/uploads\/2025\/03\/Bild-18.03.25-um-20.30-2048x1513.jpg 2048w, https:\/\/ostseeperle.pl\/wp-content\/uploads\/2025\/03\/Bild-18.03.25-um-20.30-16x12.jpg 16w\" sizes=\"(max-width: 1024px) 100vw, 1024px\" \/>\t\t\t\t\t\t\t\t<\/a>\n\t\t\t\t\t\t\t\t\t\t\t\t\t\t\t<\/div>\n\t\t\t\t<\/div>\n\t\t\t\t<\/div>\n\t\t<div class=\"elementor-element elementor-element-b657c8c e-con-full e-flex e-con e-child\" data-id=\"b657c8c\" data-element_type=\"container\" data-e-type=\"container\">\n\t\t\t\t<div class=\"elementor-element elementor-element-462b328 elementor-widget elementor-widget-heading\" data-id=\"462b328\" data-element_type=\"widget\" data-e-type=\"widget\" data-widget_type=\"heading.default\">\n\t\t\t\t<div class=\"elementor-widget-container\">\n\t\t\t\t\t<h2 class=\"elementor-heading-title elementor-size-default\">booking.com<\/h2>\t\t\t\t<\/div>\n\t\t\t\t<\/div>\n\t\t\t\t<div class=\"elementor-element elementor-element-ee98274 elementor-widget elementor-widget-image\" data-id=\"ee98274\" data-element_type=\"widget\" data-e-type=\"widget\" data-widget_type=\"image.default\">\n\t\t\t\t<div class=\"elementor-widget-container\">\n\t\t\t\t\t\t\t\t\t\t\t\t\t\t\t\t<a href=\"https:\/\/www.booking.com\/hotel\/pl\/ostseeperle.de.html?label=gen173bo-1DCAsotgFCC29zdHNlZXBlcmxlSDNYA2g7iAEBmAEHuAEYyAEN2AED6AEBiAIBmAIGqAIEuAKukdyuBsACAdICJDNjNzk0ZTI2LTM3OGMtNGFjZS04ZDM2LTQxM2UxMmNhNDAwOdgCBOACAQ&#038;sid=b85c81ff154774e1aeb45a8490d79fd7&#038;dist=0&#038;keep_landing=1&#038;sb_price_type=total&#038;type=total&#038;\">\n\t\t\t\t\t\t\t<img decoding=\"async\" width=\"1024\" height=\"970\" src=\"https:\/\/ostseeperle.pl\/wp-content\/uploads\/2025\/02\/Booking-Seite-2502-1024x970.jpg\" class=\"elementor-animation-grow attachment-large size-large wp-image-1355\" alt=\"\" srcset=\"https:\/\/ostseeperle.pl\/wp-content\/uploads\/2025\/02\/Booking-Seite-2502-1024x970.jpg 1024w, https:\/\/ostseeperle.pl\/wp-content\/uploads\/2025\/02\/Booking-Seite-2502-300x284.jpg 300w, https:\/\/ostseeperle.pl\/wp-content\/uploads\/2025\/02\/Booking-Seite-2502-768x727.jpg 768w, https:\/\/ostseeperle.pl\/wp-content\/uploads\/2025\/02\/Booking-Seite-2502-1536x1455.jpg 1536w, https:\/\/ostseeperle.pl\/wp-content\/uploads\/2025\/02\/Booking-Seite-2502-2048x1940.jpg 2048w, https:\/\/ostseeperle.pl\/wp-content\/uploads\/2025\/02\/Booking-Seite-2502-13x12.jpg 13w\" sizes=\"(max-width: 1024px) 100vw, 1024px\" \/>\t\t\t\t\t\t\t\t<\/a>\n\t\t\t\t\t\t\t\t\t\t\t\t\t\t\t<\/div>\n\t\t\t\t<\/div>\n\t\t\t\t<\/div>\n\t\t<div class=\"elementor-element elementor-element-4c08826 e-con-full e-flex e-con e-child\" data-id=\"4c08826\" data-element_type=\"container\" data-e-type=\"container\">\n\t\t\t\t<div class=\"elementor-element elementor-element-8982a8f elementor-widget elementor-widget-heading\" data-id=\"8982a8f\" data-element_type=\"widget\" data-e-type=\"widget\" data-widget_type=\"heading.default\">\n\t\t\t\t<div class=\"elementor-widget-container\">\n\t\t\t\t\t<h2 class=\"elementor-heading-title elementor-size-default\">FeWo-direkt<\/h2>\t\t\t\t<\/div>\n\t\t\t\t<\/div>\n\t\t\t\t<div class=\"elementor-element elementor-element-7256e2a elementor-widget elementor-widget-image\" data-id=\"7256e2a\" data-element_type=\"widget\" data-e-type=\"widget\" data-widget_type=\"image.default\">\n\t\t\t\t<div class=\"elementor-widget-container\">\n\t\t\t\t\t\t\t\t\t\t\t\t\t\t\t\t<a href=\"https:\/\/www.fewo-direkt.de\/ferienwohnung-ferienhaus\/p5571643?dateless=true\">\n\t\t\t\t\t\t\t<img decoding=\"async\" width=\"974\" height=\"1024\" src=\"https:\/\/ostseeperle.pl\/wp-content\/uploads\/2025\/03\/FeWo-Vorschau-974x1024.jpg\" class=\"elementor-animation-grow attachment-large size-large wp-image-1398\" alt=\"\" srcset=\"https:\/\/ostseeperle.pl\/wp-content\/uploads\/2025\/03\/FeWo-Vorschau-974x1024.jpg 974w, https:\/\/ostseeperle.pl\/wp-content\/uploads\/2025\/03\/FeWo-Vorschau-285x300.jpg 285w, https:\/\/ostseeperle.pl\/wp-content\/uploads\/2025\/03\/FeWo-Vorschau-768x808.jpg 768w, https:\/\/ostseeperle.pl\/wp-content\/uploads\/2025\/03\/FeWo-Vorschau-1461x1536.jpg 1461w, https:\/\/ostseeperle.pl\/wp-content\/uploads\/2025\/03\/FeWo-Vorschau-1948x2048.jpg 1948w, https:\/\/ostseeperle.pl\/wp-content\/uploads\/2025\/03\/FeWo-Vorschau-11x12.jpg 11w\" sizes=\"(max-width: 974px) 100vw, 974px\" \/>\t\t\t\t\t\t\t\t<\/a>\n\t\t\t\t\t\t\t\t\t\t\t\t\t\t\t<\/div>\n\t\t\t\t<\/div>\n\t\t\t\t<\/div>\n\t\t\t\t\t<\/div>\n\t\t\t\t<\/div>\n\t\t<div class=\"elementor-element elementor-element-eade3b7 e-flex e-con-boxed e-con e-parent\" data-id=\"eade3b7\" data-element_type=\"container\" data-e-type=\"container\">\n\t\t\t\t\t<div class=\"e-con-inner\">\n\t\t\t\t<div class=\"elementor-element elementor-element-e553b41 elementor-widget elementor-widget-heading\" data-id=\"e553b41\" data-element_type=\"widget\" data-e-type=\"widget\" data-widget_type=\"heading.default\">\n\t\t\t\t<div class=\"elementor-widget-container\">\n\t\t\t\t\t<h2 class=\"elementor-heading-title elementor-size-default\">O nas:<\/h2>\t\t\t\t<\/div>\n\t\t\t\t<\/div>\n\t\t\t\t<div class=\"elementor-element elementor-element-814453d elementor-widget elementor-widget-text-editor\" data-id=\"814453d\" data-element_type=\"widget\" data-e-type=\"widget\" data-widget_type=\"text-editor.default\">\n\t\t\t\t<div class=\"elementor-widget-container\">\n\t\t\t\t\t\t\t\t\t<p>My, Jenny i Matthias Wahle, jeste\u015bmy w\u0142a\u015bcicielami mieszkania wakacyjnego \"Ostseeperle\" od 2023 roku. Zanim zdecydowali\u015bmy si\u0119 na samozatrudnienie, zdobyli\u015bmy do\u015bwiadczenie w zarz\u0105dzaniu przedsi\u0119biorstwem i w bran\u017cy hotelarskiej. Mamy du\u017c\u0105 rodzin\u0119 i sami lubimy podr\u00f3\u017cowa\u0107, najlepiej do mieszka\u0144 wakacyjnych.<\/p>\t\t\t\t\t\t\t\t<\/div>\n\t\t\t\t<\/div>\n\t\t\t\t<div class=\"elementor-element elementor-element-d6c80f4 elementor-widget__width-initial elementor-widget elementor-widget-image\" data-id=\"d6c80f4\" data-element_type=\"widget\" data-e-type=\"widget\" data-widget_type=\"image.default\">\n\t\t\t\t<div class=\"elementor-widget-container\">\n\t\t\t\t\t\t\t\t\t\t\t\t\t\t\t<img loading=\"lazy\" decoding=\"async\" width=\"768\" height=\"576\" src=\"https:\/\/ostseeperle.pl\/wp-content\/uploads\/2024\/02\/IMG_2354-2-768x576.jpg\" class=\"attachment-medium_large size-medium_large wp-image-548\" alt=\"Jenny und Matthias Wahle\" srcset=\"https:\/\/ostseeperle.pl\/wp-content\/uploads\/2024\/02\/IMG_2354-2-768x576.jpg 768w, https:\/\/ostseeperle.pl\/wp-content\/uploads\/2024\/02\/IMG_2354-2-300x225.jpg 300w, https:\/\/ostseeperle.pl\/wp-content\/uploads\/2024\/02\/IMG_2354-2-1024x768.jpg 1024w, https:\/\/ostseeperle.pl\/wp-content\/uploads\/2024\/02\/IMG_2354-2-1536x1152.jpg 1536w, https:\/\/ostseeperle.pl\/wp-content\/uploads\/2024\/02\/IMG_2354-2-2048x1536.jpg 2048w, https:\/\/ostseeperle.pl\/wp-content\/uploads\/2024\/02\/IMG_2354-2-16x12.jpg 16w\" sizes=\"(max-width: 768px) 100vw, 768px\" \/>\t\t\t\t\t\t\t\t\t\t\t\t\t\t\t<\/div>\n\t\t\t\t<\/div>\n\t\t\t\t\t<\/div>\n\t\t\t\t<\/div>\n\t\t\t\t<\/div>","protected":false},"excerpt":{"rendered":"<p>Buchung Die Ostseeperle kann \u00fcber Airbnb, booking und FeWo-direkt gebucht werden. Hier erscheinen auch die Kalender und Verf\u00fcgbarkeiten. G\u00e4ste, die schon einmal bei uns gebucht haben, bieten wir die M\u00f6glichkeit, eine Buchungsanfrage zu senden unter: kontakt(at)ostseeperle.pl Airbnb booking.com FeWo-direkt \u00dcber uns: Wir, Jenny und Matthias Wahle, sind seit 2023 Vermieter der Ferienwohnung &#8222;Ostseeperle&#8220;. Wir haben [&hellip;]<\/p>\n","protected":false},"author":1,"featured_media":0,"parent":0,"menu_order":0,"comment_status":"closed","ping_status":"closed","template":"","meta":{"_coblocks_attr":"","_coblocks_dimensions":"","_coblocks_responsive_height":"","_coblocks_accordion_ie_support":"","ocean_post_layout":"full-screen","ocean_both_sidebars_style":"","ocean_both_sidebars_content_width":0,"ocean_both_sidebars_sidebars_width":0,"ocean_sidebar":"","ocean_second_sidebar":"","ocean_disable_margins":"enable","ocean_add_body_class":"","ocean_shortcode_before_top_bar":"","ocean_shortcode_after_top_bar":"","ocean_shortcode_before_header":"","ocean_shortcode_after_header":"","ocean_has_shortcode":"","ocean_shortcode_after_title":"","ocean_shortcode_before_footer_widgets":"","ocean_shortcode_after_footer_widgets":"","ocean_shortcode_before_footer_bottom":"","ocean_shortcode_after_footer_bottom":"","ocean_display_top_bar":"off","ocean_display_header":"default","ocean_header_style":"","ocean_center_header_left_menu":"","ocean_custom_header_template":"","ocean_custom_logo":0,"ocean_custom_retina_logo":0,"ocean_custom_logo_max_width":0,"ocean_custom_logo_tablet_max_width":0,"ocean_custom_logo_mobile_max_width":0,"ocean_custom_logo_max_height":0,"ocean_custom_logo_tablet_max_height":0,"ocean_custom_logo_mobile_max_height":0,"ocean_header_custom_menu":"","ocean_menu_typo_font_family":"","ocean_menu_typo_font_subset":"","ocean_menu_typo_font_size":0,"ocean_menu_typo_font_size_tablet":0,"ocean_menu_typo_font_size_mobile":0,"ocean_menu_typo_font_size_unit":"px","ocean_menu_typo_font_weight":"","ocean_menu_typo_font_weight_tablet":"","ocean_menu_typo_font_weight_mobile":"","ocean_menu_typo_transform":"","ocean_menu_typo_transform_tablet":"","ocean_menu_typo_transform_mobile":"","ocean_menu_typo_line_height":0,"ocean_menu_typo_line_height_tablet":0,"ocean_menu_typo_line_height_mobile":0,"ocean_menu_typo_line_height_unit":"","ocean_menu_typo_spacing":0,"ocean_menu_typo_spacing_tablet":0,"ocean_menu_typo_spacing_mobile":0,"ocean_menu_typo_spacing_unit":"","ocean_menu_link_color":"","ocean_menu_link_color_hover":"","ocean_menu_link_color_active":"","ocean_menu_link_background":"","ocean_menu_link_hover_background":"","ocean_menu_link_active_background":"","ocean_menu_social_links_bg":"","ocean_menu_social_hover_links_bg":"","ocean_menu_social_links_color":"","ocean_menu_social_hover_links_color":"","ocean_disable_title":"on","ocean_disable_heading":"default","ocean_post_title":"","ocean_post_subheading":"","ocean_post_title_style":"","ocean_post_title_background_color":"","ocean_post_title_background":0,"ocean_post_title_bg_image_position":"","ocean_post_title_bg_image_attachment":"","ocean_post_title_bg_image_repeat":"","ocean_post_title_bg_image_size":"","ocean_post_title_height":0,"ocean_post_title_bg_overlay":0.5,"ocean_post_title_bg_overlay_color":"","ocean_disable_breadcrumbs":"default","ocean_breadcrumbs_color":"","ocean_breadcrumbs_separator_color":"","ocean_breadcrumbs_links_color":"","ocean_breadcrumbs_links_hover_color":"","ocean_display_footer_widgets":"off","ocean_display_footer_bottom":"off","ocean_custom_footer_template":"","footnotes":""},"class_list":["post-509","page","type-page","status-publish","hentry","entry"],"yoast_head":"<!-- This site is optimized with the Yoast SEO plugin v27.4 - https:\/\/yoast.com\/product\/yoast-seo-wordpress\/ -->\n<title>Buchung - Ostseeperle<\/title>\n<meta name=\"robots\" content=\"index, follow, max-snippet:-1, max-image-preview:large, max-video-preview:-1\" \/>\n<link rel=\"canonical\" href=\"https:\/\/ostseeperle.pl\/pl\/buchung\/\" \/>\n<meta property=\"og:locale\" content=\"pl_PL\" \/>\n<meta property=\"og:type\" content=\"article\" \/>\n<meta property=\"og:title\" content=\"Buchung - Ostseeperle\" \/>\n<meta property=\"og:description\" content=\"Buchung Die Ostseeperle kann \u00fcber Airbnb, booking und FeWo-direkt gebucht werden. Hier erscheinen auch die Kalender und Verf\u00fcgbarkeiten. G\u00e4ste, die schon einmal bei uns gebucht haben, bieten wir die M\u00f6glichkeit, eine Buchungsanfrage zu senden unter: kontakt(at)ostseeperle.pl Airbnb booking.com FeWo-direkt \u00dcber uns: Wir, Jenny und Matthias Wahle, sind seit 2023 Vermieter der Ferienwohnung &#8222;Ostseeperle&#8220;. Wir haben [&hellip;]\" \/>\n<meta property=\"og:url\" content=\"https:\/\/ostseeperle.pl\/pl\/buchung\/\" \/>\n<meta property=\"og:site_name\" content=\"Ostseeperle\" \/>\n<meta property=\"article:modified_time\" content=\"2025-03-26T14:45:17+00:00\" \/>\n<meta property=\"og:image\" content=\"https:\/\/ostseeperle.pl\/wp-content\/uploads\/2025\/03\/Bild-18.03.25-um-20.30.jpg\" \/>\n\t<meta property=\"og:image:width\" content=\"2202\" \/>\n\t<meta property=\"og:image:height\" content=\"1627\" \/>\n\t<meta property=\"og:image:type\" content=\"image\/jpeg\" \/>\n<meta name=\"twitter:card\" content=\"summary_large_image\" \/>\n<meta name=\"twitter:label1\" content=\"Szacowany czas czytania\" \/>\n\t<meta name=\"twitter:data1\" content=\"2 minuty\" \/>\n<script type=\"application\/ld+json\" class=\"yoast-schema-graph\">{\"@context\":\"https:\\\/\\\/schema.org\",\"@graph\":[{\"@type\":\"WebPage\",\"@id\":\"https:\\\/\\\/ostseeperle.pl\\\/buchung\\\/\",\"url\":\"https:\\\/\\\/ostseeperle.pl\\\/buchung\\\/\",\"name\":\"Buchung - Ostseeperle\",\"isPartOf\":{\"@id\":\"https:\\\/\\\/ostseeperle.pl\\\/#website\"},\"primaryImageOfPage\":{\"@id\":\"https:\\\/\\\/ostseeperle.pl\\\/buchung\\\/#primaryimage\"},\"image\":{\"@id\":\"https:\\\/\\\/ostseeperle.pl\\\/buchung\\\/#primaryimage\"},\"thumbnailUrl\":\"https:\\\/\\\/ostseeperle.pl\\\/wp-content\\\/uploads\\\/2025\\\/03\\\/Bild-18.03.25-um-20.30-1024x757.jpg\",\"datePublished\":\"2024-02-21T16:45:19+00:00\",\"dateModified\":\"2025-03-26T14:45:17+00:00\",\"breadcrumb\":{\"@id\":\"https:\\\/\\\/ostseeperle.pl\\\/buchung\\\/#breadcrumb\"},\"inLanguage\":\"pl-PL\",\"potentialAction\":[{\"@type\":\"ReadAction\",\"target\":[\"https:\\\/\\\/ostseeperle.pl\\\/buchung\\\/\"]}]},{\"@type\":\"ImageObject\",\"inLanguage\":\"pl-PL\",\"@id\":\"https:\\\/\\\/ostseeperle.pl\\\/buchung\\\/#primaryimage\",\"url\":\"https:\\\/\\\/ostseeperle.pl\\\/wp-content\\\/uploads\\\/2025\\\/03\\\/Bild-18.03.25-um-20.30-1024x757.jpg\",\"contentUrl\":\"https:\\\/\\\/ostseeperle.pl\\\/wp-content\\\/uploads\\\/2025\\\/03\\\/Bild-18.03.25-um-20.30-1024x757.jpg\"},{\"@type\":\"BreadcrumbList\",\"@id\":\"https:\\\/\\\/ostseeperle.pl\\\/buchung\\\/#breadcrumb\",\"itemListElement\":[{\"@type\":\"ListItem\",\"position\":1,\"name\":\"Home\",\"item\":\"https:\\\/\\\/ostseeperle.pl\\\/\"},{\"@type\":\"ListItem\",\"position\":2,\"name\":\"Buchung\"}]},{\"@type\":\"WebSite\",\"@id\":\"https:\\\/\\\/ostseeperle.pl\\\/#website\",\"url\":\"https:\\\/\\\/ostseeperle.pl\\\/\",\"name\":\"Ostseeperle\",\"description\":\"The holiday flat on the Polish Baltic Sea coast\",\"publisher\":{\"@id\":\"https:\\\/\\\/ostseeperle.pl\\\/#\\\/schema\\\/person\\\/759ec6410dce67c8b10498574f4f47f1\"},\"potentialAction\":[{\"@type\":\"SearchAction\",\"target\":{\"@type\":\"EntryPoint\",\"urlTemplate\":\"https:\\\/\\\/ostseeperle.pl\\\/?s={search_term_string}\"},\"query-input\":{\"@type\":\"PropertyValueSpecification\",\"valueRequired\":true,\"valueName\":\"search_term_string\"}}],\"inLanguage\":\"pl-PL\"},{\"@type\":[\"Person\",\"Organization\"],\"@id\":\"https:\\\/\\\/ostseeperle.pl\\\/#\\\/schema\\\/person\\\/759ec6410dce67c8b10498574f4f47f1\",\"name\":\"ostseeperle\",\"image\":{\"@type\":\"ImageObject\",\"inLanguage\":\"pl-PL\",\"@id\":\"https:\\\/\\\/ostseeperle.pl\\\/wp-content\\\/uploads\\\/2024\\\/02\\\/cropped-Ostseeperle-Logo-Schrift-gruen.png\",\"url\":\"https:\\\/\\\/ostseeperle.pl\\\/wp-content\\\/uploads\\\/2024\\\/02\\\/cropped-Ostseeperle-Logo-Schrift-gruen.png\",\"contentUrl\":\"https:\\\/\\\/ostseeperle.pl\\\/wp-content\\\/uploads\\\/2024\\\/02\\\/cropped-Ostseeperle-Logo-Schrift-gruen.png\",\"width\":4914,\"height\":1137,\"caption\":\"ostseeperle\"},\"logo\":{\"@id\":\"https:\\\/\\\/ostseeperle.pl\\\/wp-content\\\/uploads\\\/2024\\\/02\\\/cropped-Ostseeperle-Logo-Schrift-gruen.png\"},\"sameAs\":[\"https:\\\/\\\/ostseeperle.pl\"]}]}<\/script>\n<!-- \/ Yoast SEO plugin. -->","yoast_head_json":{"title":"Buchung - Ostseeperle","robots":{"index":"index","follow":"follow","max-snippet":"max-snippet:-1","max-image-preview":"max-image-preview:large","max-video-preview":"max-video-preview:-1"},"canonical":"https:\/\/ostseeperle.pl\/pl\/buchung\/","og_locale":"pl_PL","og_type":"article","og_title":"Buchung - Ostseeperle","og_description":"Buchung Die Ostseeperle kann \u00fcber Airbnb, booking und FeWo-direkt gebucht werden. Hier erscheinen auch die Kalender und Verf\u00fcgbarkeiten. G\u00e4ste, die schon einmal bei uns gebucht haben, bieten wir die M\u00f6glichkeit, eine Buchungsanfrage zu senden unter: kontakt(at)ostseeperle.pl Airbnb booking.com FeWo-direkt \u00dcber uns: Wir, Jenny und Matthias Wahle, sind seit 2023 Vermieter der Ferienwohnung &#8222;Ostseeperle&#8220;. Wir haben [&hellip;]","og_url":"https:\/\/ostseeperle.pl\/pl\/buchung\/","og_site_name":"Ostseeperle","article_modified_time":"2025-03-26T14:45:17+00:00","og_image":[{"width":2202,"height":1627,"url":"https:\/\/ostseeperle.pl\/wp-content\/uploads\/2025\/03\/Bild-18.03.25-um-20.30.jpg","type":"image\/jpeg"}],"twitter_card":"summary_large_image","twitter_misc":{"Szacowany czas czytania":"2 minuty"},"schema":{"@context":"https:\/\/schema.org","@graph":[{"@type":"WebPage","@id":"https:\/\/ostseeperle.pl\/buchung\/","url":"https:\/\/ostseeperle.pl\/buchung\/","name":"Buchung - Ostseeperle","isPartOf":{"@id":"https:\/\/ostseeperle.pl\/#website"},"primaryImageOfPage":{"@id":"https:\/\/ostseeperle.pl\/buchung\/#primaryimage"},"image":{"@id":"https:\/\/ostseeperle.pl\/buchung\/#primaryimage"},"thumbnailUrl":"https:\/\/ostseeperle.pl\/wp-content\/uploads\/2025\/03\/Bild-18.03.25-um-20.30-1024x757.jpg","datePublished":"2024-02-21T16:45:19+00:00","dateModified":"2025-03-26T14:45:17+00:00","breadcrumb":{"@id":"https:\/\/ostseeperle.pl\/buchung\/#breadcrumb"},"inLanguage":"pl-PL","potentialAction":[{"@type":"ReadAction","target":["https:\/\/ostseeperle.pl\/buchung\/"]}]},{"@type":"ImageObject","inLanguage":"pl-PL","@id":"https:\/\/ostseeperle.pl\/buchung\/#primaryimage","url":"https:\/\/ostseeperle.pl\/wp-content\/uploads\/2025\/03\/Bild-18.03.25-um-20.30-1024x757.jpg","contentUrl":"https:\/\/ostseeperle.pl\/wp-content\/uploads\/2025\/03\/Bild-18.03.25-um-20.30-1024x757.jpg"},{"@type":"BreadcrumbList","@id":"https:\/\/ostseeperle.pl\/buchung\/#breadcrumb","itemListElement":[{"@type":"ListItem","position":1,"name":"Home","item":"https:\/\/ostseeperle.pl\/"},{"@type":"ListItem","position":2,"name":"Buchung"}]},{"@type":"WebSite","@id":"https:\/\/ostseeperle.pl\/#website","url":"https:\/\/ostseeperle.pl\/","name":"Ostseeperle","description":"The holiday flat on the Polish Baltic Sea coast","publisher":{"@id":"https:\/\/ostseeperle.pl\/#\/schema\/person\/759ec6410dce67c8b10498574f4f47f1"},"potentialAction":[{"@type":"SearchAction","target":{"@type":"EntryPoint","urlTemplate":"https:\/\/ostseeperle.pl\/?s={search_term_string}"},"query-input":{"@type":"PropertyValueSpecification","valueRequired":true,"valueName":"search_term_string"}}],"inLanguage":"pl-PL"},{"@type":["Person","Organization"],"@id":"https:\/\/ostseeperle.pl\/#\/schema\/person\/759ec6410dce67c8b10498574f4f47f1","name":"ostseeperle","image":{"@type":"ImageObject","inLanguage":"pl-PL","@id":"https:\/\/ostseeperle.pl\/wp-content\/uploads\/2024\/02\/cropped-Ostseeperle-Logo-Schrift-gruen.png","url":"https:\/\/ostseeperle.pl\/wp-content\/uploads\/2024\/02\/cropped-Ostseeperle-Logo-Schrift-gruen.png","contentUrl":"https:\/\/ostseeperle.pl\/wp-content\/uploads\/2024\/02\/cropped-Ostseeperle-Logo-Schrift-gruen.png","width":4914,"height":1137,"caption":"ostseeperle"},"logo":{"@id":"https:\/\/ostseeperle.pl\/wp-content\/uploads\/2024\/02\/cropped-Ostseeperle-Logo-Schrift-gruen.png"},"sameAs":["https:\/\/ostseeperle.pl"]}]}},"_links":{"self":[{"href":"https:\/\/ostseeperle.pl\/pl\/wp-json\/wp\/v2\/pages\/509","targetHints":{"allow":["GET"]}}],"collection":[{"href":"https:\/\/ostseeperle.pl\/pl\/wp-json\/wp\/v2\/pages"}],"about":[{"href":"https:\/\/ostseeperle.pl\/pl\/wp-json\/wp\/v2\/types\/page"}],"author":[{"embeddable":true,"href":"https:\/\/ostseeperle.pl\/pl\/wp-json\/wp\/v2\/users\/1"}],"replies":[{"embeddable":true,"href":"https:\/\/ostseeperle.pl\/pl\/wp-json\/wp\/v2\/comments?post=509"}],"version-history":[{"count":52,"href":"https:\/\/ostseeperle.pl\/pl\/wp-json\/wp\/v2\/pages\/509\/revisions"}],"predecessor-version":[{"id":1404,"href":"https:\/\/ostseeperle.pl\/pl\/wp-json\/wp\/v2\/pages\/509\/revisions\/1404"}],"wp:attachment":[{"href":"https:\/\/ostseeperle.pl\/pl\/wp-json\/wp\/v2\/media?parent=509"}],"curies":[{"name":"wp","href":"https:\/\/api.w.org\/{rel}","templated":true}]}}